{"id":12,"date":"2024-05-24T11:28:46","date_gmt":"2024-05-24T11:28:46","guid":{"rendered":"https:\/\/hsg-fenske.de\/?page_id=12"},"modified":"2024-12-10T12:04:12","modified_gmt":"2024-12-10T12:04:12","slug":"startseite","status":"publish","type":"page","link":"https:\/\/www.hsg-fenske.de\/","title":{"rendered":"Startseite"},"content":{"rendered":"","protected":false},"excerpt":{"rendered":"","protected":false},"author":1,"featured_media":0,"parent":0,"menu_order":0,"comment_status":"closed","ping_status":"closed","template":"","meta":{"footnotes":""},"class_list":["post-12","page","type-page","status-publish","hentry"],"yoast_head":"<!-- This site is optimized with the Yoast SEO plugin v25.1 - https:\/\/yoast.com\/wordpress\/plugins\/seo\/ -->\n<title>\u2705 HSG Fenske GmbH - aus Langendorf<\/title>\n<meta name=\"description\" content=\"Wir sind Ihr Experte f\u00fcr Heizung, Sanit\u00e4r und Gasinstallationen. Zuverl\u00e4ssige Planung, Installation und Wartung \u2013 kontaktieren Sie uns 03443 333 88 55\" \/>\n<meta name=\"robots\" content=\"index, follow, max-snippet:-1, max-image-preview:large, max-video-preview:-1\" \/>\n<link rel=\"canonical\" href=\"https:\/\/www.hsg-fenske.de\/\" \/>\n<meta property=\"og:locale\" content=\"de_DE\" \/>\n<meta property=\"og:type\" content=\"article\" \/>\n<meta property=\"og:title\" content=\"\u2705 HSG Fenske GmbH - aus Langendorf\" \/>\n<meta property=\"og:description\" content=\"Wir sind Ihr Experte f\u00fcr Heizung, Sanit\u00e4r und Gasinstallationen. Zuverl\u00e4ssige Planung, Installation und Wartung \u2013 kontaktieren Sie uns 03443 333 88 55\" \/>\n<meta property=\"og:url\" content=\"https:\/\/www.hsg-fenske.de\/\" \/>\n<meta property=\"og:site_name\" content=\"HSG Fenske\" \/>\n<meta property=\"article:modified_time\" content=\"2024-12-10T12:04:12+00:00\" \/>\n<meta name=\"twitter:card\" content=\"summary_large_image\" \/>\n<meta name=\"twitter:label1\" content=\"Gesch\u00e4tzte Lesezeit\" \/>\n\t<meta name=\"twitter:data1\" content=\"5\u00a0Minuten\" \/>\n<script type=\"application\/ld+json\" class=\"yoast-schema-graph\">{\"@context\":\"https:\/\/schema.org\",\"@graph\":[{\"@type\":\"WebPage\",\"@id\":\"https:\/\/www.hsg-fenske.de\/\",\"url\":\"https:\/\/www.hsg-fenske.de\/\",\"name\":\"\u2705 HSG Fenske GmbH - aus Langendorf\",\"isPartOf\":{\"@id\":\"https:\/\/www.hsg-fenske.de\/#website\"},\"datePublished\":\"2024-05-24T11:28:46+00:00\",\"dateModified\":\"2024-12-10T12:04:12+00:00\",\"description\":\"Wir sind Ihr Experte f\u00fcr Heizung, Sanit\u00e4r und Gasinstallationen. Zuverl\u00e4ssige Planung, Installation und Wartung \u2013 kontaktieren Sie uns 03443 333 88 55\",\"breadcrumb\":{\"@id\":\"https:\/\/www.hsg-fenske.de\/#breadcrumb\"},\"inLanguage\":\"de\",\"potentialAction\":[{\"@type\":\"ReadAction\",\"target\":[\"https:\/\/www.hsg-fenske.de\/\"]}]},{\"@type\":\"BreadcrumbList\",\"@id\":\"https:\/\/www.hsg-fenske.de\/#breadcrumb\",\"itemListElement\":[{\"@type\":\"ListItem\",\"position\":1,\"name\":\"Startseite\",\"item\":\"https:\/\/www.hsg-fenske.de\/\"},{\"@type\":\"ListItem\",\"position\":2,\"name\":\"Startseite\"}]},{\"@type\":\"WebSite\",\"@id\":\"https:\/\/www.hsg-fenske.de\/#website\",\"url\":\"https:\/\/www.hsg-fenske.de\/\",\"name\":\"HSG Fenske\",\"description\":\"\",\"potentialAction\":[{\"@type\":\"SearchAction\",\"target\":{\"@type\":\"EntryPoint\",\"urlTemplate\":\"https:\/\/www.hsg-fenske.de\/?s={search_term_string}\"},\"query-input\":{\"@type\":\"PropertyValueSpecification\",\"valueRequired\":true,\"valueName\":\"search_term_string\"}}],\"inLanguage\":\"de\"}]}<\/script>\n<!-- \/ Yoast SEO plugin. -->","yoast_head_json":{"title":"\u2705 HSG Fenske GmbH - aus Langendorf","description":"Wir sind Ihr Experte f\u00fcr Heizung, Sanit\u00e4r und Gasinstallationen. Zuverl\u00e4ssige Planung, Installation und Wartung \u2013 kontaktieren Sie uns 03443 333 88 55","robots":{"index":"index","follow":"follow","max-snippet":"max-snippet:-1","max-image-preview":"max-image-preview:large","max-video-preview":"max-video-preview:-1"},"canonical":"https:\/\/www.hsg-fenske.de\/","og_locale":"de_DE","og_type":"article","og_title":"\u2705 HSG Fenske GmbH - aus Langendorf","og_description":"Wir sind Ihr Experte f\u00fcr Heizung, Sanit\u00e4r und Gasinstallationen. Zuverl\u00e4ssige Planung, Installation und Wartung \u2013 kontaktieren Sie uns 03443 333 88 55","og_url":"https:\/\/www.hsg-fenske.de\/","og_site_name":"HSG Fenske","article_modified_time":"2024-12-10T12:04:12+00:00","twitter_card":"summary_large_image","twitter_misc":{"Gesch\u00e4tzte Lesezeit":"5\u00a0Minuten"},"schema":{"@context":"https:\/\/schema.org","@graph":[{"@type":"WebPage","@id":"https:\/\/www.hsg-fenske.de\/","url":"https:\/\/www.hsg-fenske.de\/","name":"\u2705 HSG Fenske GmbH - aus Langendorf","isPartOf":{"@id":"https:\/\/www.hsg-fenske.de\/#website"},"datePublished":"2024-05-24T11:28:46+00:00","dateModified":"2024-12-10T12:04:12+00:00","description":"Wir sind Ihr Experte f\u00fcr Heizung, Sanit\u00e4r und Gasinstallationen. Zuverl\u00e4ssige Planung, Installation und Wartung \u2013 kontaktieren Sie uns 03443 333 88 55","breadcrumb":{"@id":"https:\/\/www.hsg-fenske.de\/#breadcrumb"},"inLanguage":"de","potentialAction":[{"@type":"ReadAction","target":["https:\/\/www.hsg-fenske.de\/"]}]},{"@type":"BreadcrumbList","@id":"https:\/\/www.hsg-fenske.de\/#breadcrumb","itemListElement":[{"@type":"ListItem","position":1,"name":"Startseite","item":"https:\/\/www.hsg-fenske.de\/"},{"@type":"ListItem","position":2,"name":"Startseite"}]},{"@type":"WebSite","@id":"https:\/\/www.hsg-fenske.de\/#website","url":"https:\/\/www.hsg-fenske.de\/","name":"HSG Fenske","description":"","potentialAction":[{"@type":"SearchAction","target":{"@type":"EntryPoint","urlTemplate":"https:\/\/www.hsg-fenske.de\/?s={search_term_string}"},"query-input":{"@type":"PropertyValueSpecification","valueRequired":true,"valueName":"search_term_string"}}],"inLanguage":"de"}]}},"_links":{"self":[{"href":"https:\/\/www.hsg-fenske.de\/index.php?rest_route=\/wp\/v2\/pages\/12","targetHints":{"allow":["GET"]}}],"collection":[{"href":"https:\/\/www.hsg-fenske.de\/index.php?rest_route=\/wp\/v2\/pages"}],"about":[{"href":"https:\/\/www.hsg-fenske.de\/index.php?rest_route=\/wp\/v2\/types\/page"}],"author":[{"embeddable":true,"href":"https:\/\/www.hsg-fenske.de\/index.php?rest_route=\/wp\/v2\/users\/1"}],"replies":[{"embeddable":true,"href":"https:\/\/www.hsg-fenske.de\/index.php?rest_route=%2Fwp%2Fv2%2Fcomments&post=12"}],"version-history":[{"count":1,"href":"https:\/\/www.hsg-fenske.de\/index.php?rest_route=\/wp\/v2\/pages\/12\/revisions"}],"predecessor-version":[{"id":13,"href":"https:\/\/www.hsg-fenske.de\/index.php?rest_route=\/wp\/v2\/pages\/12\/revisions\/13"}],"wp:attachment":[{"href":"https:\/\/www.hsg-fenske.de\/index.php?rest_route=%2Fwp%2Fv2%2Fmedia&parent=12"}],"curies":[{"name":"wp","href":"https:\/\/api.w.org\/{rel}","templated":true}]}}